{"id":21817,"date":"2018-03-12T16:42:16","date_gmt":"2018-03-12T20:42:16","guid":{"rendered":"https:\/\/orthopedielaval.com\/contact\/"},"modified":"2025-09-24T14:25:11","modified_gmt":"2025-09-24T18:25:11","slug":"contact-us","status":"publish","type":"page","link":"https:\/\/orthopedielaval.com\/en\/contact-us\/","title":{"rendered":"Contact"},"content":{"rendered":"<p>[et_pb_section fb_built=&#8221;1&#8243; fullwidth=&#8221;on&#8221; module_id=&#8221;googleMap&#8221; _builder_version=&#8221;4.16&#8243; da_disable_devices=&#8221;off|off|off&#8221; global_colors_info=&#8221;{}&#8221; da_is_popup=&#8221;off&#8221; da_exit_intent=&#8221;off&#8221; da_has_close=&#8221;on&#8221; da_alt_close=&#8221;off&#8221; da_dark_close=&#8221;off&#8221; da_not_modal=&#8221;on&#8221; da_is_singular=&#8221;off&#8221; da_with_loader=&#8221;off&#8221; da_has_shadow=&#8221;on&#8221;][et_pb_fullwidth_map address=&#8221;1555 Boulevard de l&#8217;Avenir, Laval, QC H7S 2N5, Canada&#8221; address_lat=&#8221;45.5650231&#8243; address_lng=&#8221;-73.72429039999997&#8243; mouse_wheel=&#8221;off&#8221; disabled_on=&#8221;on|on|on&#8221; _builder_version=&#8221;4.16&#8243; disabled=&#8221;on&#8221; global_colors_info=&#8221;{}&#8221;][et_pb_map_pin title=&#8221;Centre d&#8217;orthop\u00e9die Laval&#8221; pin_address=&#8221;1555 Boulevard de l&#8217;Avenir, Laval, QC H7S 2N5, Canada&#8221; pin_address_lat=&#8221;45.5650231&#8243; pin_address_lng=&#8221;-73.72429039999997&#8243; _builder_version=&#8221;3.9&#8243; global_colors_info=&#8221;{}&#8221;] 1555, boulevard de l\u2019Avenir, bureau 310<br \/>\nLaval (Qu\u00e9bec) H7S 2N5<br \/>\n<a href=\"https:\/\/goo.gl\/maps\/Lj32t4UBun32\" target=\"_blank\" rel=\"noopener\">itin\u00e9raire<\/a> [\/et_pb_map_pin][\/et_pb_fullwidth_map][et_pb_fullwidth_image src=&#8221;https:\/\/orthopedielaval.com\/wp-content\/uploads\/2024\/01\/carte-orthopedie-laval.jpg&#8221; title_text=&#8221;carte-orthopedie-laval&#8221; url=&#8221;https:\/\/maps.app.goo.gl\/BtByW8scxw19jaHd6&#8243; url_new_window=&#8221;on&#8221; _builder_version=&#8221;4.20.4&#8243; _module_preset=&#8221;default&#8221; global_colors_info=&#8221;{}&#8221;][\/et_pb_fullwidth_image][\/et_pb_section][et_pb_section fb_built=&#8221;1&#8243; _builder_version=&#8221;4.16&#8243; background_size=&#8221;initial&#8221; background_position=&#8221;top_left&#8221; background_repeat=&#8221;repeat&#8221; custom_padding=&#8221;70px|0px|70px|0px&#8221; da_disable_devices=&#8221;off|off|off&#8221; global_colors_info=&#8221;{}&#8221; da_is_popup=&#8221;off&#8221; da_exit_intent=&#8221;off&#8221; da_has_close=&#8221;on&#8221; da_alt_close=&#8221;off&#8221; da_dark_close=&#8221;off&#8221; da_not_modal=&#8221;on&#8221; da_is_singular=&#8221;off&#8221; da_with_loader=&#8221;off&#8221; da_has_shadow=&#8221;on&#8221;][et_pb_row column_structure=&#8221;1_2,1_2&#8243; make_equal=&#8221;on&#8221; _builder_version=&#8221;4.16&#8243; background_size=&#8221;initial&#8221; background_position=&#8221;top_left&#8221; background_repeat=&#8221;repeat&#8221; custom_padding=&#8221;0px|0px|0px|0px&#8221; global_colors_info=&#8221;{}&#8221;][et_pb_column type=&#8221;1_2&#8243; _builder_version=&#8221;4.16&#8243; background_image=&#8221;https:\/\/orthopedielaval.com\/wp-content\/uploads\/2018\/07\/reception-centre-orthopedie-laval.jpg&#8221; custom_padding=&#8221;|||&#8221; global_colors_info=&#8221;{}&#8221; custom_padding__hover=&#8221;|||&#8221;][\/et_pb_column][et_pb_column type=&#8221;1_2&#8243; module_id=&#8221;listeTwoCols&#8221; _builder_version=&#8221;4.16&#8243; custom_padding=&#8221;|||&#8221; global_colors_info=&#8221;{}&#8221; custom_padding__hover=&#8221;|||&#8221;][et_pb_text _builder_version=&#8221;4.16&#8243; global_colors_info=&#8221;{}&#8221;]<\/p>\n<h1>Contact us<\/h1>\n<h2>Centre d\u2019orthop\u00e9die Laval \/ Institut de m\u00e9decine d\u2019expertise<\/h2>\n<p>1555, de l\u2019Avenir boulevard, Office 310<br \/>Laval (Qu\u00e9bec) H7S 2N5<\/p>\n<p>Phone : <a href=\"tel:450-668-3840\">450 668-3840<\/a><br \/>Fax : 450 668-1157<\/p>\n<p>For general information: <br \/><a href=\"mailto:info@orthopedielaval.com\">info@orthopedielaval.com<\/a><\/p>\n<p>For the medico-legal service: <br \/><a href=\"mailto:expertises@orthopedielaval.com\">expertises@orthopedielaval.com<\/a><\/p>\n<p><a href=\"https:\/\/www.facebook.com\/orthopedielaval\/\" target=\"_blank\" rel=\"noopener\"><img loading=\"lazy\" decoding=\"async\" class=\"alignnone wp-image-21511\" src=\"https:\/\/orthopedielaval.com\/wp-content\/uploads\/2018\/07\/facebook-icon.png\" alt=\"\" width=\"40\" height=\"40\" \/><\/a><\/p>\n<p>[\/et_pb_text][\/et_pb_column][\/et_pb_row][\/et_pb_section][et_pb_section fb_built=&#8221;1&#8243; module_id=&#8221;darkZone&#8221; _builder_version=&#8221;4.16&#8243; background_color=&#8221;#effbff&#8221; da_disable_devices=&#8221;off|off|off&#8221; global_colors_info=&#8221;{}&#8221; disabled_on=&#8221;on|on|on&#8221; disabled=&#8221;on&#8221; da_is_popup=&#8221;off&#8221; da_exit_intent=&#8221;off&#8221; da_has_close=&#8221;on&#8221; da_alt_close=&#8221;off&#8221; da_dark_close=&#8221;off&#8221; da_not_modal=&#8221;on&#8221; da_is_singular=&#8221;off&#8221; da_with_loader=&#8221;off&#8221; da_has_shadow=&#8221;on&#8221;][et_pb_row column_structure=&#8221;1_2,1_2&#8243; make_equal=&#8221;on&#8221; _builder_version=&#8221;4.16&#8243; global_colors_info=&#8221;{}&#8221;][et_pb_column type=&#8221;1_2&#8243; _builder_version=&#8221;4.16&#8243; custom_padding=&#8221;|||&#8221; global_colors_info=&#8221;{}&#8221; custom_padding__hover=&#8221;|||&#8221;][et_pb_text _builder_version=&#8221;4.16&#8243; global_colors_info=&#8221;{}&#8221;]<\/p>\n<h2>Make an appointment<\/h2>\n<p>You must send us the following documents by fax to 450 668-1157 or by using the form beside.<\/p>\n<ul>\n<li>Consultation request from your doctor<\/li>\n<li>Radiological investigation reports (written radiography results, MRI, ultrasound)<\/li>\n<\/ul>\n<p><em>It is important to identify all your documents with your name, health insurance number and phone number. Remember to bring all these documents and the X-ray investigation CD to the appointment.<\/em><\/p>\n<p>&nbsp;<\/p>\n<p>[\/et_pb_text][\/et_pb_column][et_pb_column type=&#8221;1_2&#8243; _builder_version=&#8221;4.16&#8243; custom_padding=&#8221;|||&#8221; global_colors_info=&#8221;{}&#8221; custom_padding__hover=&#8221;|||&#8221;][et_pb_text _builder_version=&#8221;4.16&#8243; global_colors_info=&#8221;{}&#8221;]<\/p>\n\n<div class=\"wpcf7 no-js\" id=\"wpcf7-f20106-o1\" lang=\"fr-CA\" dir=\"ltr\" data-wpcf7-id=\"20106\">\n<div class=\"screen-reader-response\"><p role=\"status\" aria-live=\"polite\" aria-atomic=\"true\"><\/p> <ul><\/ul><\/div>\n<form action=\"\/en\/wp-json\/wp\/v2\/pages\/21817#wpcf7-f20106-o1\" method=\"post\" class=\"wpcf7-form init\" aria-label=\"Contact form\" enctype=\"multipart\/form-data\" novalidate=\"novalidate\" data-status=\"init\">\n<div style=\"display: none;\">\n<input type=\"hidden\" name=\"_wpcf7\" value=\"20106\" \/>\n<input type=\"hidden\" name=\"_wpcf7_version\" value=\"6.0.6\" \/>\n<input type=\"hidden\" name=\"_wpcf7_locale\" value=\"fr_CA\" \/>\n<input type=\"hidden\" name=\"_wpcf7_unit_tag\" value=\"wpcf7-f20106-o1\" \/>\n<input type=\"hidden\" name=\"_wpcf7_container_post\" value=\"0\" \/>\n<input type=\"hidden\" name=\"_wpcf7_posted_data_hash\" value=\"\" \/>\n<\/div>\n<p><span class=\"wpcf7-form-control-wrap\" data-name=\"full-name\"><input size=\"40\" maxlength=\"400\" class=\"wpcf7-form-control wpcf7-text wpcf7-validates-as-required\" aria-required=\"true\" aria-invalid=\"false\" placeholder=\"Full name *\" value=\"\" type=\"text\" name=\"full-name\" \/><\/span><br \/>\n<span class=\"wpcf7-form-control-wrap\" data-name=\"email\"><input size=\"40\" maxlength=\"400\" class=\"wpcf7-form-control wpcf7-text wpcf7-validates-as-required\" aria-required=\"true\" aria-invalid=\"false\" placeholder=\"Email *\" value=\"\" type=\"text\" name=\"email\" \/><\/span><br \/>\n<span class=\"wpcf7-form-control-wrap\" data-name=\"phone\"><input size=\"40\" maxlength=\"400\" class=\"wpcf7-form-control wpcf7-text wpcf7-validates-as-required\" aria-required=\"true\" aria-invalid=\"false\" placeholder=\"Phone*\" value=\"\" type=\"text\" name=\"phone\" \/><\/span><br \/>\n<span class=\"wpcf7-form-control-wrap\" data-name=\"NAM\"><input size=\"40\" maxlength=\"400\" class=\"wpcf7-form-control wpcf7-text wpcf7-validates-as-required\" aria-required=\"true\" aria-invalid=\"false\" placeholder=\"Medical insurance number *\" value=\"\" type=\"text\" name=\"NAM\" \/><\/span>\n<\/p>\n<div class=\"radio\">\n\t<p><span style=\"font-size: 14px\">Appointment type:<\/span><br \/>\n<span class=\"wpcf7-form-control-wrap\" data-name=\"type\"><span class=\"wpcf7-form-control wpcf7-radio\"><span class=\"wpcf7-list-item first\"><label><input type=\"radio\" name=\"type\" value=\"Public\" checked=\"checked\" \/><span class=\"wpcf7-list-item-label\">Public<\/span><\/label><\/span><span class=\"wpcf7-list-item last\"><label><input type=\"radio\" name=\"type\" value=\"Private\" \/><span class=\"wpcf7-list-item-label\">Private<\/span><\/label><\/span><\/span><\/span>\n\t<\/p>\n<\/div>\n<div class=\"upload\">\n\t<p><label for=\"demande-medecin\">Consultation request from your doctor *<\/label><br \/>\n<span class=\"wpcf7-form-control-wrap\" data-name=\"demande-medecin\"><input size=\"40\" class=\"wpcf7-form-control wpcf7-file wpcf7-validates-as-required\" id=\"demande-medecin\" accept=\".jpeg,.jpg,.dox,.docx,.png,.pdf\" aria-required=\"true\" aria-invalid=\"false\" type=\"file\" name=\"demande-medecin\" \/><\/span>\n\t<\/p>\n<\/div>\n<div class=\"upload\">\n\t<p><label for=\"rapport-radio\">Radiological investigation report *<\/label><br \/>\n<span class=\"wpcf7-form-control-wrap\" data-name=\"rapport-radio\"><input size=\"40\" class=\"wpcf7-form-control wpcf7-file wpcf7-validates-as-required\" id=\"rapport-radio\" accept=\".jpeg,.jpg,.dox,.docx,.png,.pdf\" aria-required=\"true\" aria-invalid=\"false\" type=\"file\" name=\"rapport-radio\" \/><\/span>\n\t<\/p>\n<\/div>\n<p><input class=\"wpcf7-form-control wpcf7-submit has-spinner\" type=\"submit\" value=\"Submit\" \/>\n<\/p><div class=\"wpcf7-response-output\" aria-hidden=\"true\"><\/div>\n<\/form>\n<\/div>\n\n<p>[\/et_pb_text][\/et_pb_column][\/et_pb_row][\/et_pb_section]<\/p>\n","protected":false},"excerpt":{"rendered":"<p>1555, boulevard de l\u2019Avenir, bureau 310 Laval (Qu\u00e9bec) H7S 2N5 itin\u00e9raire Contact us Centre d\u2019orthop\u00e9die Laval \/ Institut de m\u00e9decine d\u2019expertise 1555, de l\u2019Avenir boulevard, Office 310Laval (Qu\u00e9bec) H7S 2N5 Phone : 450 668-3840Fax : 450 668-1157 For general information: info@orthopedielaval.com For the medico-legal service: expertises@orthopedielaval.com Make an appointment You must send us the following [&hellip;]<\/p>\n","protected":false},"author":1,"featured_media":0,"parent":0,"menu_order":0,"comment_status":"closed","ping_status":"closed","template":"","meta":{"_et_pb_use_builder":"on","_et_pb_old_content":"[et_pb_section bb_built=\"1\" custom_padding=\"0px|0px|0px|0px\" module_id=\"sectionResume\" _builder_version=\"3.0.102\" background_size=\"initial\" background_position=\"top_left\" background_repeat=\"repeat\" next_background_color=\"#000000\"][et_pb_row custom_padding=\"0px|0px|0px|0px\" bg_img_2=\"http:\/\/mdcentropolis.hebergementvirtuel.ca\/wp-content\/uploads\/2017\/05\/complice.jpg\" parallax_method_2=\"off\" parallax_method_1=\"off\" background_position=\"top_left\" background_repeat=\"repeat\" background_size=\"initial\" _builder_version=\"3.0.102\" make_fullwidth=\"on\" bg_img_1=\"https:\/\/orthopedielaval.com\/wp-content\/uploads\/2018\/03\/parodontie-explication.jpg\" make_equal=\"on\" module_id_2=\"listeTwoCols\"][et_pb_column type=\"1_2\"][\/et_pb_column][et_pb_column type=\"1_2\"][et_pb_text _builder_version=\"3.0.102\" background_layout=\"light\"]\r\n\r\n<h1>Qu\u2019est-ce que la parodontie ?<\/h1>\r\nLa parodontie est une sp\u00e9cialit\u00e9 du domaine dentaire dont l'objectif est le traitement des conditions pouvant affecter le parodonte. C'est-\u00e0-dire les tissus de support des dents :\r\n<ul>\r\n \t<li>La gencive<\/li>\r\n \t<li>L'os alv\u00e9olaire<\/li>\r\n \t<li>Le c\u00e9ment<\/li>\r\n \t<li>Le ligament parodontal<\/li>\r\n<\/ul>\r\nCette sp\u00e9cialit\u00e9 englobe d'autres interventions chirurgicales telles la pose d'implants dentaires pour le remplacement des dents manquantes ainsi que des greffes osseuses.\r\n\r\n[\/et_pb_text][\/et_pb_column][\/et_pb_row][et_pb_row custom_padding=\"0px|0px|0px|0px\" make_equal=\"on\" bg_img_2=\"https:\/\/orthopedielaval.com\/wp-content\/uploads\/2018\/03\/parodontie-referant-dr-lacoste.jpg\" parallax_method_2=\"off\" parallax_method_1=\"off\" background_position=\"top_left\" background_repeat=\"repeat\" background_size=\"initial\" _builder_version=\"3.0.102\" make_fullwidth=\"on\"][et_pb_column type=\"1_2\"][et_pb_text _builder_version=\"3.0.102\" background_layout=\"light\"]\r\n\r\n<h2>pourquoi ai-je \u00e9t\u00e9 r\u00e9f\u00e9r\u00e9 chez dr lacoste?<\/h2>\r\nEssentiellement, votre dentiste g\u00e9n\u00e9raliste vous r\u00e9f\u00e8re chez un parodontiste lorsque vous avez une maladie de gencives (gingivite) ou une maladie parodontale (parodontite) ou lorsque vous avez besoin de traitements sp\u00e9cifiques tels :\r\n<ul>\r\n \t<li>Implants dentaires<\/li>\r\n \t<li>Une greffe osseuse<\/li>\r\n \t<li>Une greffe de gencive<\/li>\r\n \t<li>Une approche par lambeau<\/li>\r\n \t<li>Une chirurgie exploratoire<\/li>\r\n \t<li>Un allongement de couronne clinique<\/li>\r\n \t<li>Une gingivectomie (correction du sourire gingival) et la gingivoplastie<\/li>\r\n \t<li>Une exposition de canines incluses<\/li>\r\n<\/ul>\r\n<a class=\"btn-CSDI\" href=\"\/contactez-nous\/\">La premi\u00e8re visite<\/a>\r\n\r\n[\/et_pb_text][\/et_pb_column][et_pb_column type=\"1_2\"][\/et_pb_column][\/et_pb_row][\/et_pb_section][et_pb_section bb_built=\"1\" fullwidth=\"on\" specialty=\"off\" prev_background_color=\"#000000\" next_background_color=\"#000000\"][et_pb_fullwidth_map _builder_version=\"3.0.102\" \/][\/et_pb_section][et_pb_section bb_built=\"1\" fullwidth=\"off\" specialty=\"off\" prev_background_color=\"#000000\" _builder_version=\"3.0.102\" background_image=\"https:\/\/orthopedielaval.com\/wp-content\/uploads\/2018\/03\/parodontie-cta.jpg\" module_id=\"CTA-standard\"][et_pb_row][et_pb_column type=\"4_4\"][et_pb_text admin_label=\"CTA\" _builder_version=\"3.0.102\" background_layout=\"light\"]\r\n\r\n<h2>Vous avez des questions concernant la parodontie ?<\/h2>\r\nLorem ipsum dolor sit amet, consectetur adipiscing elit. In in rhoncus mauris. Duis accumsan volutpat dolor, nec varius nibh pharetra et.\r\n\r\n<a href=\"\/parodontie\/parodontie-question-reponse\/\" class=\"CTA\">Visitez notre faq<\/a>\r\n\r\n[\/et_pb_text][\/et_pb_column][\/et_pb_row][\/et_pb_section]","_et_gb_content_width":"","footnotes":""},"class_list":["post-21817","page","type-page","status-publish","hentry"],"yoast_head":"<!-- This site is optimized with the Yoast SEO plugin v25.0 - https:\/\/yoast.com\/wordpress\/plugins\/seo\/ -->\n<title>Contact us | Centre d\u2019orthop\u00e9die Laval<\/title>\n<meta name=\"description\" content=\"The Centre d\u2019orthop\u00e9die Laval is located at 1555 de l&#039;Avenir boulevard suite 310, Laval (Quebec) H7S 2N5. Contact us at 450 668-3840 or via the form\" \/>\n<meta name=\"robots\" content=\"index, follow, max-snippet:-1, max-image-preview:large, max-video-preview:-1\" \/>\n<link rel=\"canonical\" href=\"https:\/\/orthopedielaval.com\/en\/contact-us\/\" \/>\n<meta property=\"og:locale\" content=\"en_US\" \/>\n<meta property=\"og:type\" content=\"article\" \/>\n<meta property=\"og:title\" content=\"Contact us | Centre d\u2019orthop\u00e9die Laval\" \/>\n<meta property=\"og:description\" content=\"The Centre d\u2019orthop\u00e9die Laval is located at 1555 de l&#039;Avenir boulevard suite 310, Laval (Quebec) H7S 2N5. Contact us at 450 668-3840 or via the form\" \/>\n<meta property=\"og:url\" content=\"https:\/\/orthopedielaval.com\/en\/contact-us\/\" \/>\n<meta property=\"og:site_name\" content=\"Centre Orthop\u00e9die Laval\" \/>\n<meta property=\"article:publisher\" content=\"https:\/\/www.facebook.com\/orthopedielaval\/\" \/>\n<meta property=\"article:modified_time\" content=\"2025-09-24T18:25:11+00:00\" \/>\n<meta property=\"og:image\" content=\"https:\/\/orthopedielaval.com\/wp-content\/uploads\/2018\/07\/facebook-icon.png\" \/>\n<meta name=\"twitter:card\" content=\"summary_large_image\" \/>\n<meta name=\"twitter:label1\" content=\"Est. reading time\" \/>\n\t<meta name=\"twitter:data1\" content=\"1 minute\" \/>\n<script type=\"application\/ld+json\" class=\"yoast-schema-graph\">{\"@context\":\"https:\/\/schema.org\",\"@graph\":[{\"@type\":\"WebPage\",\"@id\":\"https:\/\/orthopedielaval.com\/en\/contact-us\/\",\"url\":\"https:\/\/orthopedielaval.com\/en\/contact-us\/\",\"name\":\"Contact us | Centre d\u2019orthop\u00e9die Laval\",\"isPartOf\":{\"@id\":\"https:\/\/orthopedielaval.com\/#website\"},\"primaryImageOfPage\":{\"@id\":\"https:\/\/orthopedielaval.com\/en\/contact-us\/#primaryimage\"},\"image\":{\"@id\":\"https:\/\/orthopedielaval.com\/en\/contact-us\/#primaryimage\"},\"thumbnailUrl\":\"https:\/\/orthopedielaval.com\/wp-content\/uploads\/2018\/07\/facebook-icon.png\",\"datePublished\":\"2018-03-12T20:42:16+00:00\",\"dateModified\":\"2025-09-24T18:25:11+00:00\",\"description\":\"The Centre d\u2019orthop\u00e9die Laval is located at 1555 de l'Avenir boulevard suite 310, Laval (Quebec) H7S 2N5. Contact us at 450 668-3840 or via the form\",\"breadcrumb\":{\"@id\":\"https:\/\/orthopedielaval.com\/en\/contact-us\/#breadcrumb\"},\"inLanguage\":\"en-CA\",\"potentialAction\":[{\"@type\":\"ReadAction\",\"target\":[\"https:\/\/orthopedielaval.com\/en\/contact-us\/\"]}]},{\"@type\":\"ImageObject\",\"inLanguage\":\"en-CA\",\"@id\":\"https:\/\/orthopedielaval.com\/en\/contact-us\/#primaryimage\",\"url\":\"https:\/\/orthopedielaval.com\/wp-content\/uploads\/2018\/07\/facebook-icon.png\",\"contentUrl\":\"https:\/\/orthopedielaval.com\/wp-content\/uploads\/2018\/07\/facebook-icon.png\"},{\"@type\":\"BreadcrumbList\",\"@id\":\"https:\/\/orthopedielaval.com\/en\/contact-us\/#breadcrumb\",\"itemListElement\":[{\"@type\":\"ListItem\",\"position\":1,\"name\":\"Home\",\"item\":\"https:\/\/orthopedielaval.com\/en\/\"},{\"@type\":\"ListItem\",\"position\":2,\"name\":\"Contact\"}]},{\"@type\":\"WebSite\",\"@id\":\"https:\/\/orthopedielaval.com\/#website\",\"url\":\"https:\/\/orthopedielaval.com\/\",\"name\":\"Centre Orthop\u00e9die Laval\",\"description\":\"\",\"potentialAction\":[{\"@type\":\"SearchAction\",\"target\":{\"@type\":\"EntryPoint\",\"urlTemplate\":\"https:\/\/orthopedielaval.com\/?s={search_term_string}\"},\"query-input\":{\"@type\":\"PropertyValueSpecification\",\"valueRequired\":true,\"valueName\":\"search_term_string\"}}],\"inLanguage\":\"en-CA\"}]}<\/script>\n<!-- \/ Yoast SEO plugin. -->","yoast_head_json":{"title":"Contact us | Centre d\u2019orthop\u00e9die Laval","description":"The Centre d\u2019orthop\u00e9die Laval is located at 1555 de l'Avenir boulevard suite 310, Laval (Quebec) H7S 2N5. Contact us at 450 668-3840 or via the form","robots":{"index":"index","follow":"follow","max-snippet":"max-snippet:-1","max-image-preview":"max-image-preview:large","max-video-preview":"max-video-preview:-1"},"canonical":"https:\/\/orthopedielaval.com\/en\/contact-us\/","og_locale":"en_US","og_type":"article","og_title":"Contact us | Centre d\u2019orthop\u00e9die Laval","og_description":"The Centre d\u2019orthop\u00e9die Laval is located at 1555 de l'Avenir boulevard suite 310, Laval (Quebec) H7S 2N5. Contact us at 450 668-3840 or via the form","og_url":"https:\/\/orthopedielaval.com\/en\/contact-us\/","og_site_name":"Centre Orthop\u00e9die Laval","article_publisher":"https:\/\/www.facebook.com\/orthopedielaval\/","article_modified_time":"2025-09-24T18:25:11+00:00","og_image":[{"url":"https:\/\/orthopedielaval.com\/wp-content\/uploads\/2018\/07\/facebook-icon.png","type":"","width":"","height":""}],"twitter_card":"summary_large_image","twitter_misc":{"Est. reading time":"1 minute"},"schema":{"@context":"https:\/\/schema.org","@graph":[{"@type":"WebPage","@id":"https:\/\/orthopedielaval.com\/en\/contact-us\/","url":"https:\/\/orthopedielaval.com\/en\/contact-us\/","name":"Contact us | Centre d\u2019orthop\u00e9die Laval","isPartOf":{"@id":"https:\/\/orthopedielaval.com\/#website"},"primaryImageOfPage":{"@id":"https:\/\/orthopedielaval.com\/en\/contact-us\/#primaryimage"},"image":{"@id":"https:\/\/orthopedielaval.com\/en\/contact-us\/#primaryimage"},"thumbnailUrl":"https:\/\/orthopedielaval.com\/wp-content\/uploads\/2018\/07\/facebook-icon.png","datePublished":"2018-03-12T20:42:16+00:00","dateModified":"2025-09-24T18:25:11+00:00","description":"The Centre d\u2019orthop\u00e9die Laval is located at 1555 de l'Avenir boulevard suite 310, Laval (Quebec) H7S 2N5. Contact us at 450 668-3840 or via the form","breadcrumb":{"@id":"https:\/\/orthopedielaval.com\/en\/contact-us\/#breadcrumb"},"inLanguage":"en-CA","potentialAction":[{"@type":"ReadAction","target":["https:\/\/orthopedielaval.com\/en\/contact-us\/"]}]},{"@type":"ImageObject","inLanguage":"en-CA","@id":"https:\/\/orthopedielaval.com\/en\/contact-us\/#primaryimage","url":"https:\/\/orthopedielaval.com\/wp-content\/uploads\/2018\/07\/facebook-icon.png","contentUrl":"https:\/\/orthopedielaval.com\/wp-content\/uploads\/2018\/07\/facebook-icon.png"},{"@type":"BreadcrumbList","@id":"https:\/\/orthopedielaval.com\/en\/contact-us\/#breadcrumb","itemListElement":[{"@type":"ListItem","position":1,"name":"Home","item":"https:\/\/orthopedielaval.com\/en\/"},{"@type":"ListItem","position":2,"name":"Contact"}]},{"@type":"WebSite","@id":"https:\/\/orthopedielaval.com\/#website","url":"https:\/\/orthopedielaval.com\/","name":"Centre Orthop\u00e9die Laval","description":"","potentialAction":[{"@type":"SearchAction","target":{"@type":"EntryPoint","urlTemplate":"https:\/\/orthopedielaval.com\/?s={search_term_string}"},"query-input":{"@type":"PropertyValueSpecification","valueRequired":true,"valueName":"search_term_string"}}],"inLanguage":"en-CA"}]}},"_links":{"self":[{"href":"https:\/\/orthopedielaval.com\/en\/wp-json\/wp\/v2\/pages\/21817","targetHints":{"allow":["GET"]}}],"collection":[{"href":"https:\/\/orthopedielaval.com\/en\/wp-json\/wp\/v2\/pages"}],"about":[{"href":"https:\/\/orthopedielaval.com\/en\/wp-json\/wp\/v2\/types\/page"}],"author":[{"embeddable":true,"href":"https:\/\/orthopedielaval.com\/en\/wp-json\/wp\/v2\/users\/1"}],"replies":[{"embeddable":true,"href":"https:\/\/orthopedielaval.com\/en\/wp-json\/wp\/v2\/comments?post=21817"}],"version-history":[{"count":8,"href":"https:\/\/orthopedielaval.com\/en\/wp-json\/wp\/v2\/pages\/21817\/revisions"}],"predecessor-version":[{"id":22204,"href":"https:\/\/orthopedielaval.com\/en\/wp-json\/wp\/v2\/pages\/21817\/revisions\/22204"}],"wp:attachment":[{"href":"https:\/\/orthopedielaval.com\/en\/wp-json\/wp\/v2\/media?parent=21817"}],"curies":[{"name":"wp","href":"https:\/\/api.w.org\/{rel}","templated":true}]}}